{"id":911,"date":"2024-03-07T06:14:17","date_gmt":"2024-03-07T06:14:17","guid":{"rendered":"https:\/\/7xmanagement.io\/?page_id=911"},"modified":"2024-03-07T06:28:35","modified_gmt":"2024-03-07T06:28:35","slug":"mateo-erana","status":"publish","type":"page","link":"https:\/\/7xmanagement.io\/pt\/entertainment\/mateo-erana\/","title":{"rendered":"Mateo Era\u00f1a"},"content":{"rendered":"<div data-elementor-type=\"wp-page\" data-elementor-id=\"911\" class=\"elementor elementor-911\" data-elementor-post-type=\"page\">\n\t\t\t\t\t\t<section class=\"elementor-section elementor-top-section elementor-element elementor-element-0408222 elementor-section-height-min-height elementor-section-boxed elementor-section-height-default elementor-section-items-middle\" data-id=\"0408222\" data-element_type=\"section\" data-settings=\"{&quot;background_background&quot;:&quot;classic&quot;}\">\n\t\t\t\t\t\t\t<div class=\"elementor-background-overlay\"><\/div>\n\t\t\t\t\t\t\t<div class=\"elementor-container elementor-column-gap-default\">\n\t\t\t\t\t<div class=\"aux-parallax-section elementor-column elementor-col-100 elementor-top-column elementor-element elementor-element-4ae2d1a\" data-id=\"4ae2d1a\" data-element_type=\"column\">\n\t\t\t<div class=\"elementor-widget-wrap elementor-element-populated\">\n\t\t\t\t\t\t<section class=\"elementor-section elementor-inner-section elementor-element elementor-element-e9b8d66 elementor-section-boxed elementor-section-height-default elementor-section-height-default\" data-id=\"e9b8d66\" data-element_type=\"section\">\n\t\t\t\t\t\t<div class=\"elementor-container elementor-column-gap-default\">\n\t\t\t\t\t<div class=\"aux-parallax-section elementor-column elementor-col-100 elementor-inner-column elementor-element elementor-element-8f47970\" data-id=\"8f47970\" data-element_type=\"column\">\n\t\t\t<div class=\"elementor-widget-wrap elementor-element-populated\">\n\t\t\t\t\t\t<div class=\"elementor-element elementor-element-269fbdf elementor-widget elementor-widget-heading\" data-id=\"269fbdf\" data-element_type=\"widget\" data-widget_type=\"heading.default\">\n\t\t\t\t<div class=\"elementor-widget-container\">\n\t\t\t<h2 class=\"elementor-heading-title elementor-size-default\">ENTERTAINMENT\n<\/h2>\t\t<\/div>\n\t\t\t\t<\/div>\n\t\t\t\t<div class=\"elementor-element elementor-element-567f0ba elementor-widget elementor-widget-text-editor\" data-id=\"567f0ba\" data-element_type=\"widget\" data-widget_type=\"text-editor.default\">\n\t\t\t\t<div class=\"elementor-widget-container\">\n\t\t\t\t\t\t\t<p>Explore our dynamic events and discover the innovative services we offer to content<br \/>creators and gamers.<\/p>\t\t\t\t\t\t<\/div>\n\t\t\t\t<\/div>\n\t\t\t\t\t<\/div>\n\t\t<\/div>\n\t\t\t\t\t<\/div>\n\t\t<\/section>\n\t\t\t\t\t<\/div>\n\t\t<\/div>\n\t\t\t\t\t<\/div>\n\t\t<\/section>\n\t\t\t\t<section class=\"elementor-section elementor-top-section elementor-element elementor-element-5590ef4 elementor-section-content-middle elementor-section-boxed elementor-section-height-default elementor-section-height-default\" data-id=\"5590ef4\" data-element_type=\"section\" data-settings=\"{&quot;background_background&quot;:&quot;classic&quot;}\">\n\t\t\t\t\t\t<div class=\"elementor-container elementor-column-gap-no\">\n\t\t\t\t\t<div class=\"aux-parallax-section elementor-column elementor-col-100 elementor-top-column elementor-element elementor-element-e42a95f\" data-id=\"e42a95f\" data-element_type=\"column\">\n\t\t\t<div class=\"elementor-widget-wrap elementor-element-populated\">\n\t\t\t\t\t\t<section class=\"elementor-section elementor-inner-section elementor-element elementor-element-a5b899b klp elementor-section-boxed elementor-section-height-default elementor-section-height-default\" data-id=\"a5b899b\" data-element_type=\"section\">\n\t\t\t\t\t\t<div class=\"elementor-container elementor-column-gap-default\">\n\t\t\t\t\t<div class=\"aux-parallax-section elementor-column elementor-col-50 elementor-inner-column elementor-element elementor-element-d8baedb opol\" data-id=\"d8baedb\" data-element_type=\"column\">\n\t\t\t<div class=\"elementor-widget-wrap elementor-element-populated\">\n\t\t\t\t\t\t<div class=\"elementor-element elementor-element-ed82340 elementor-widget elementor-widget-image\" data-id=\"ed82340\" data-element_type=\"widget\" data-widget_type=\"image.default\">\n\t\t\t\t<div class=\"elementor-widget-container\">\n\t\t\t\t\t\t\t\t\t\t\t\t\t<img fetchpriority=\"high\" decoding=\"async\" width=\"1024\" height=\"1024\" src=\"https:\/\/7xmanagement.io\/wp-content\/uploads\/2024\/03\/Mateo-Erana-1-1024x1024.jpg\" class=\"attachment-large size-large wp-image-913\" alt=\"\" srcset=\"https:\/\/7xmanagement.io\/wp-content\/uploads\/2024\/03\/Mateo-Erana-1-1024x1024.jpg 1024w, https:\/\/7xmanagement.io\/wp-content\/uploads\/2024\/03\/Mateo-Erana-1-300x300.jpg 300w, https:\/\/7xmanagement.io\/wp-content\/uploads\/2024\/03\/Mateo-Erana-1-scaled-100x100.jpg 100w, https:\/\/7xmanagement.io\/wp-content\/uploads\/2024\/03\/Mateo-Erana-1-150x150.jpg 150w, https:\/\/7xmanagement.io\/wp-content\/uploads\/2024\/03\/Mateo-Erana-1-768x768.jpg 768w\" sizes=\"(max-width: 1024px) 100vw, 1024px\" \/>\t\t\t\t\t\t\t\t\t\t\t\t\t<\/div>\n\t\t\t\t<\/div>\n\t\t\t\t\t<\/div>\n\t\t<\/div>\n\t\t\t\t<div class=\"aux-parallax-section elementor-column elementor-col-50 elementor-inner-column elementor-element elementor-element-36dbfaf\" data-id=\"36dbfaf\" data-element_type=\"column\">\n\t\t\t<div class=\"elementor-widget-wrap elementor-element-populated\">\n\t\t\t\t\t\t<div class=\"elementor-element elementor-element-dbc9619 elementor-widget elementor-widget-heading\" data-id=\"dbc9619\" data-element_type=\"widget\" data-widget_type=\"heading.default\">\n\t\t\t\t<div class=\"elementor-widget-container\">\n\t\t\t<h3 class=\"elementor-heading-title elementor-size-default\">Mateo Era\u00f1a<\/h3>\t\t<\/div>\n\t\t\t\t<\/div>\n\t\t\t\t<div class=\"elementor-element elementor-element-eaa8990 elementor-widget elementor-widget-text-editor\" data-id=\"eaa8990\" data-element_type=\"widget\" data-widget_type=\"text-editor.default\">\n\t\t\t\t<div class=\"elementor-widget-container\">\n\t\t\t\t\t\t\t<p><span style=\"font-weight: 400;\">Mateo Era\u00f1a, a talented singer from Gij\u00f3n, embarked on his musical journey at an early age, demonstrating a deep-rooted connection to music from the outset. His passionate pursuit of music began at the age of 8 when he enrolled in the Conservatorio Profesional de M\u00fasica, specializing in the flute. Although initially drawn to the drums, Mateo&#8217;s love for the flute flourished in the absence of available drum spots at the conservatory.<\/span><\/p><p><span style=\"font-weight: 400;\">Throughout his musical education, Mateo continued to explore his musical interests. At the age of 8, he began experimenting with drums, eventually honing his skills on the instrument. Joining several prominent bands in the Spanish rock scene, he embarked on tours across the peninsula, gaining invaluable experience along the way and receiving guidance from legendary figures such as &#8220;Jose Bruno&#8221; and &#8220;Manu Molina.&#8221;<\/span><\/p><p><span style=\"font-weight: 400;\">In 2023, Mateo Era\u00f1a took a decisive step towards his solo career as a singer. That summer, he performed a series of sold-out concerts, showcasing his burgeoning popularity. His rise was meteoric, culminating in a SOLD OUT performance at the Teatro Alb\u00e9niz in Gij\u00f3n in January 2024, a monumental achievement at the tender age of 17. This milestone marked a pivotal moment in his career, underscoring his growth as an artist.<\/span><\/p><p><span style=\"font-weight: 400;\">On February 23 of the same year, Mateo unveiled his debut single, &#8220;Amor al aire &#8211; Directo Alb\u00e9niz,&#8221; recorded live during his concert at the Teatro Alb\u00e9niz. The single was met with enthusiastic acclaim from his fans, heralding the beginning of an exciting new chapter in his career. Additionally, Mateo is currently in the process of creating his debut EP, slated for release in the lead-up to summer. With his innate talent and unwavering dedication to music, Mateo Era\u00f1a emerges as one of the most promising talents in today&#8217;s music scene.<\/span><\/p>\t\t\t\t\t\t<\/div>\n\t\t\t\t<\/div>\n\t\t\t\t\t<\/div>\n\t\t<\/div>\n\t\t\t\t\t<\/div>\n\t\t<\/section>\n\t\t\t\t\t<\/div>\n\t\t<\/div>\n\t\t\t\t\t<\/div>\n\t\t<\/section>\n\t\t\t\t<section class=\"elementor-section elementor-top-section elementor-element elementor-element-9eabe15 elementor-section-boxed elementor-section-height-default elementor-section-height-default\" data-id=\"9eabe15\" data-element_type=\"section\">\n\t\t\t\t\t\t<div class=\"elementor-container elementor-column-gap-default\">\n\t\t\t\t\t<div class=\"aux-parallax-section elementor-column elementor-col-100 elementor-top-column elementor-element elementor-element-860832c\" data-id=\"860832c\" data-element_type=\"column\">\n\t\t\t<div class=\"elementor-widget-wrap elementor-element-populated\">\n\t\t\t\t\t\t<div class=\"elementor-element elementor-element-01cecc9 elementor-widget elementor-widget-html\" data-id=\"01cecc9\" data-element_type=\"widget\" data-widget_type=\"html.default\">\n\t\t\t\t<div class=\"elementor-widget-container\">\n\t\t\t<style>\n    .page-template .aux-container{\n        padding-top: 0px;\n    }\n    .opol{\n        position: sticky;\n        top: 0;\n    }\n    .kpl{\n        position: relative;\n    }\n<\/style>\t\t<\/div>\n\t\t\t\t<\/div>\n\t\t\t\t\t<\/div>\n\t\t<\/div>\n\t\t\t\t\t<\/div>\n\t\t<\/section>\n\t\t\t\t<\/div>","protected":false},"excerpt":{"rendered":"<p>ENTERTAINMENT Explore our dynamic events and discover the innovative services we offer to contentcreators and gamers. Mateo Era\u00f1a Mateo Era\u00f1a, a talented singer from Gij\u00f3n, embarked on his musical journey at an early age, demonstrating a deep-rooted connection to music from the outset. His passionate pursuit of music began at the age of 8 when [&hellip;]<\/p>","protected":false},"author":5,"featured_media":0,"parent":538,"menu_order":0,"comment_status":"closed","ping_status":"closed","template":"templates\/page-builder-content.php","meta":{"footnotes":""},"class_list":["post-911","page","type-page","status-publish","hentry"],"_links":{"self":[{"href":"https:\/\/7xmanagement.io\/pt\/wp-json\/wp\/v2\/pages\/911"}],"collection":[{"href":"https:\/\/7xmanagement.io\/pt\/wp-json\/wp\/v2\/pages"}],"about":[{"href":"https:\/\/7xmanagement.io\/pt\/wp-json\/wp\/v2\/types\/page"}],"author":[{"embeddable":true,"href":"https:\/\/7xmanagement.io\/pt\/wp-json\/wp\/v2\/users\/5"}],"replies":[{"embeddable":true,"href":"https:\/\/7xmanagement.io\/pt\/wp-json\/wp\/v2\/comments?post=911"}],"version-history":[{"count":7,"href":"https:\/\/7xmanagement.io\/pt\/wp-json\/wp\/v2\/pages\/911\/revisions"}],"predecessor-version":[{"id":936,"href":"https:\/\/7xmanagement.io\/pt\/wp-json\/wp\/v2\/pages\/911\/revisions\/936"}],"up":[{"embeddable":true,"href":"https:\/\/7xmanagement.io\/pt\/wp-json\/wp\/v2\/pages\/538"}],"wp:attachment":[{"href":"https:\/\/7xmanagement.io\/pt\/wp-json\/wp\/v2\/media?parent=911"}],"curies":[{"name":"wp","href":"https:\/\/api.w.org\/{rel}","templated":true}]}}